{"id":658,"date":"2018-10-29T17:35:10","date_gmt":"2018-10-29T16:35:10","guid":{"rendered":"https:\/\/elaboe.com\/?page_id=658"},"modified":"2022-01-03T10:08:31","modified_gmt":"2022-01-03T09:08:31","slug":"referenzen","status":"publish","type":"page","link":"https:\/\/elaboe.com\/en\/schachmatt\/referenzen\/","title":{"rendered":"references"},"content":{"rendered":"<p><strong>Guest performance grants<\/strong><\/p>\n<hr \/>\n<p>Gastspielf\u00f6rderung der Kultursekretariate G\u00fctersloh\/Wuppertal (NRW) 2020<\/p>\n<p>Gastspielf\u00f6rderung der Kultursekretariate G\u00fctersloh\/Wuppertal (NRW) 2021<\/p>\n<p>Gastspielf\u00f6rderung Hessisches Ministerium f\u00fcr Wissenschaft und Kunst (HMWK) 2021<\/p>\n<p>&nbsp;<\/p>\n<h4><strong>Awards<\/strong><\/h4>\n<hr \/>\n<p>Publikumspreis <strong>L\u00dcDENSCHEIDER LACHSACK<\/strong>, Deutschland (2019)<\/p>\n<p>Sonderpreis memo-media <strong>USEDOMER KLEINKUNSTFESTIVAL<\/strong>, Deutschland (2018)<\/p>\n<p>Jurypreis<strong> MILANO CLOWN FESTIVAL<\/strong>, Italien (2018)<\/p>\n<p>Publikumspreis <strong>COMEDY&amp;ARTS<\/strong>, Deutschland (2016)<\/p>\n<p>Jurypreis <strong>GRANAJOVEN<\/strong>, Spanien (2015)<\/p>\n<p>3. Preis Kinderpublikum <strong>GIANNI DAMIANO <\/strong>Festival Lunathica, Italien (2015)<\/p>\n<p>&nbsp;<\/p>\n<p><strong>Press Reviews<\/strong><\/p>\n<hr \/>\n<p><strong>&#8220;Wortw\u00f6rtlicher H\u00f6he-Punkt&#8221;<\/strong>\u00a0(N\u00fcrnberger Zeitung)<\/p>\n<p><strong>&#8220;eine zauberhafte Choreografie&#8221;<\/strong> (S\u00fcdwest Presse)<\/p>\n<p><strong>&#8220;Ein Paradebeispiel f\u00fcr diese Mischung aus Zirkus, Musik und Theater\u201c<\/strong> (Westdeutsche Zeitung)<\/p>\n<p><strong>&#8220;Kinder lachen hellauf, Erwachsene staunen, als das Duo \u201eElab\u00f6\u201c leichtg\u00e4ngig und in Stummfilmmanier grandiose Akrobatik zelebriert&#8221;<\/strong> (Darmst\u00e4dter Echo)<\/p>\n<p><strong>&#8220;Mit einer \u00fcberzeugenden akrobatischen Leistung und viel Spielfreude haben Anne Holdik und Mitja Averhoff das Publikum auf der Schiffl\u00e4nde bezaubert&#8221;<\/strong> (Steiner Anzeiger)<\/p>\n<p><strong>&#8220;mit so witziger gewitzter Gestik und Mimik&#8221;<\/strong> (Osnabr\u00fccker Zeitung)<\/p>\n<p><strong>&#8220;Das hat richtig zum Lachen angeregt&#8221;<\/strong> (eine Zuschauerin, Westfalen-Blatt)<\/p>\n<p><strong>&#8220;Zu denen, die am allermeisten Publikum versammeln und halten konnten, geh\u00f6rt das <\/strong><strong>Artistik-Duo Elab\u00f6&#8221;<\/strong> (Neu-Ulmer Zeitung)<\/p>\n<p><strong>&#8220;mit Abstand Publikumssieger&#8221;<\/strong> (Hamburger Abendblatt)<\/p>","protected":false},"excerpt":{"rendered":"<p>Guest performance grants Gastspielf\u00f6rderung der Kultursekretariate G\u00fctersloh\/Wuppertal (NRW) 2020 Gastspielf\u00f6rderung der Kultursekretariate G\u00fctersloh\/Wuppertal (NRW) 2021 Gastspielf\u00f6rderung Hessisches Ministerium f\u00fcr Wissenschaft und Kunst (HMWK) 2021 &nbsp; Awards Publikumspreis L\u00dcDENSCHEIDER LACHSACK, Deutschland (2019) Sonderpreis memo-media USEDOMER KLEINKUNSTFESTIVAL, Deutschland (2018) Jurypreis MILANO CLOWN FESTIVAL, Italien (2018) Publikumspreis COMEDY&amp;ARTS, Deutschland (2016) Jurypreis GRANAJOVEN, Spanien (2015) 3. Preis Kinderpublikum GIANNI &hellip; <a href=\"https:\/\/elaboe.com\/en\/schachmatt\/referenzen\/\" class=\"more-link\">Continue reading <span class=\"screen-reader-text\">references<\/span><\/a><\/p>\n","protected":false},"author":4,"featured_media":681,"parent":17,"menu_order":5,"comment_status":"closed","ping_status":"closed","template":"","meta":{"_uag_custom_page_level_css":"","footnotes":""},"class_list":["post-658","page","type-page","status-publish","has-post-thumbnail","hentry"],"uagb_featured_image_src":{"full":["https:\/\/elaboe.com\/wp-content\/uploads\/2018\/12\/ZirkArt18-164.jpg",2048,1365,false],"thumbnail":["https:\/\/elaboe.com\/wp-content\/uploads\/2018\/12\/ZirkArt18-164-150x150.jpg",150,150,true],"medium":["https:\/\/elaboe.com\/wp-content\/uploads\/2018\/12\/ZirkArt18-164-500x333.jpg",500,333,true],"medium_large":["https:\/\/elaboe.com\/wp-content\/uploads\/2018\/12\/ZirkArt18-164.jpg",2048,1365,false],"large":["https:\/\/elaboe.com\/wp-content\/uploads\/2018\/12\/ZirkArt18-164-2000x1333.jpg",740,493,true],"1536x1536":["https:\/\/elaboe.com\/wp-content\/uploads\/2018\/12\/ZirkArt18-164-1536x1024.jpg",1536,1024,true],"2048x2048":["https:\/\/elaboe.com\/wp-content\/uploads\/2018\/12\/ZirkArt18-164.jpg",2048,1365,false],"radcliffe-post-image":["https:\/\/elaboe.com\/wp-content\/uploads\/2018\/12\/ZirkArt18-164.jpg",2000,1333,false]},"uagb_author_info":{"display_name":"mitja","author_link":"https:\/\/elaboe.com\/en\/author\/mitja\/"},"uagb_comment_info":0,"uagb_excerpt":"Guest performance grants Gastspielf\u00f6rderung der Kultursekretariate G\u00fctersloh\/Wuppertal (NRW) 2020 Gastspielf\u00f6rderung der Kultursekretariate G\u00fctersloh\/Wuppertal (NRW) 2021 Gastspielf\u00f6rderung Hessisches Ministerium f\u00fcr Wissenschaft und Kunst (HMWK) 2021 &nbsp; Awards Publikumspreis L\u00dcDENSCHEIDER LACHSACK, Deutschland (2019) Sonderpreis memo-media USEDOMER KLEINKUNSTFESTIVAL, Deutschland (2018) Jurypreis MILANO CLOWN FESTIVAL, Italien (2018) Publikumspreis COMEDY&amp;ARTS, Deutschland (2016) Jurypreis GRANAJOVEN, Spanien (2015) 3. Preis Kinderpublikum GIANNI&hellip;","_links":{"self":[{"href":"https:\/\/elaboe.com\/en\/wp-json\/wp\/v2\/pages\/658","targetHints":{"allow":["GET"]}}],"collection":[{"href":"https:\/\/elaboe.com\/en\/wp-json\/wp\/v2\/pages"}],"about":[{"href":"https:\/\/elaboe.com\/en\/wp-json\/wp\/v2\/types\/page"}],"author":[{"embeddable":true,"href":"https:\/\/elaboe.com\/en\/wp-json\/wp\/v2\/users\/4"}],"replies":[{"embeddable":true,"href":"https:\/\/elaboe.com\/en\/wp-json\/wp\/v2\/comments?post=658"}],"version-history":[{"count":17,"href":"https:\/\/elaboe.com\/en\/wp-json\/wp\/v2\/pages\/658\/revisions"}],"predecessor-version":[{"id":1253,"href":"https:\/\/elaboe.com\/en\/wp-json\/wp\/v2\/pages\/658\/revisions\/1253"}],"up":[{"embeddable":true,"href":"https:\/\/elaboe.com\/en\/wp-json\/wp\/v2\/pages\/17"}],"wp:featuredmedia":[{"embeddable":true,"href":"https:\/\/elaboe.com\/en\/wp-json\/wp\/v2\/media\/681"}],"wp:attachment":[{"href":"https:\/\/elaboe.com\/en\/wp-json\/wp\/v2\/media?parent=658"}],"curies":[{"name":"wp","href":"https:\/\/api.w.org\/{rel}","templated":true}]}}